{"id":21,"date":"2018-01-05T18:06:18","date_gmt":"2018-01-05T20:06:18","guid":{"rendered":"https:\/\/eduardokasse.com.br\/vikings\/?page_id=21"},"modified":"2020-11-23T11:59:28","modified_gmt":"2020-11-23T14:59:28","slug":"vikings-berserker","status":"publish","type":"page","link":"https:\/\/eduardokasse.com.br\/vikings\/vikings-berserker\/","title":{"rendered":"Vikings: Berserker"},"content":{"rendered":"<h2 style=\"text-align: center;\"><span style=\"color: #800000;\">Cultue os deuses, honre os familiares e morra empunhando a sua arma, pois Valhala o aguarda<\/span><\/h2>\n<p><img decoding=\"async\" loading=\"lazy\" class=\"alignright wp-image-112\" src=\"https:\/\/eduardokasse.com.br\/vikings\/wp-content\/uploads\/2018\/07\/vikings-berserker.jpg\" alt=\"Livro Vikings Berseker Eduardo Kasse\" width=\"300\" height=\"446\" srcset=\"https:\/\/eduardokasse.com.br\/vikings\/wp-content\/uploads\/2018\/07\/vikings-berserker.jpg 1000w, https:\/\/eduardokasse.com.br\/vikings\/wp-content\/uploads\/2018\/07\/vikings-berserker-202x300.jpg 202w, https:\/\/eduardokasse.com.br\/vikings\/wp-content\/uploads\/2018\/07\/vikings-berserker-768x1143.jpg 768w, https:\/\/eduardokasse.com.br\/vikings\/wp-content\/uploads\/2018\/07\/vikings-berserker-688x1024.jpg 688w\" sizes=\"(max-width: 300px) 100vw, 300px\" \/>Vikings. Eles foram guerreiros valorosos, intr\u00e9pidos navegadores e comerciantes sagazes. Conquistaram muitas terras pelo fio de suas l\u00e2minas e os mares com seus navios insuper\u00e1veis. Quem via se aproximar um <i>langskip<\/i>, com sua vela quadrada e a cabe\u00e7a de fera entalhada na proa, sabia que a morte estava a bordo.<\/p>\n<p>Contudo, nem sempre os mais ferozes e experientes s\u00e3o aqueles que realizam os maiores feitos\u2026<\/p>\n<p>Um bando de jovens sonhadores comete imensa afronta a um poderoso <i>jarl<\/i>. Um crime pass\u00edvel de severa puni\u00e7\u00e3o, at\u00e9 mesmo de morte. Mas nem os mais s\u00e1bios poderiam prever os verdadeiros des\u00edgnios dos deuses.<\/p>\n<p><strong><i>Vikings: Berserker <\/i><\/strong>\u00e9 um romance hist\u00f3rico de Eduardo Kasse, elogiado autor da s\u00e9rie <a href=\"http:\/\/temposdesangue.com.br\" target=\"_blank\" rel=\"noopener noreferrer\">Tempos de Sangue<\/a>. Acompanhe a trajet\u00f3ria daqueles que se tornar\u00e3o lendas, desbravando territ\u00f3rios hostis e indo aonde nem os mais ousados chegaram. Essa \u00e9 uma hist\u00f3ria que n\u00e3o foi escrita em livros ou cantada \u00e0 beira de fogueiras. Mas apenas o relato daqueles que sobreviveram \u00e0 grandiosa viagem de suas vidas.<\/p>\n<h3 style=\"text-align: center;\"><strong><a href=\"https:\/\/loja.eduardokasse.com.br\/produto\/vikings-berserker-saga-vikings-livro-1\/\"><span style=\"color: #800000;\">+++ Compre autografado e ganhe marcadores de p\u00e1gina exclusivos +++<\/span><\/a><\/strong><\/h3>\n","protected":false},"excerpt":{"rendered":"<p>Cultue os deuses, honre os familiares e morra empunhando a sua arma, pois Valhala o aguarda Vikings. Eles foram guerreiros valorosos, intr\u00e9pidos navegadores e comerciantes sagazes. Conquistaram muitas terras pelo fio de suas l\u00e2minas e os mares com seus navios insuper\u00e1veis. Quem via se aproximar um langskip, com sua vela quadrada e a cabe\u00e7a de&hellip; <br \/> <a class=\"button small blue\" href=\"https:\/\/eduardokasse.com.br\/vikings\/vikings-berserker\/\">Leia mais<\/a><\/p>\n","protected":false},"author":1,"featured_media":0,"parent":0,"menu_order":0,"comment_status":"closed","ping_status":"closed","template":"","meta":[],"_links":{"self":[{"href":"https:\/\/eduardokasse.com.br\/vikings\/wp-json\/wp\/v2\/pages\/21"}],"collection":[{"href":"https:\/\/eduardokasse.com.br\/vikings\/wp-json\/wp\/v2\/pages"}],"about":[{"href":"https:\/\/eduardokasse.com.br\/vikings\/wp-json\/wp\/v2\/types\/page"}],"author":[{"embeddable":true,"href":"https:\/\/eduardokasse.com.br\/vikings\/wp-json\/wp\/v2\/users\/1"}],"replies":[{"embeddable":true,"href":"https:\/\/eduardokasse.com.br\/vikings\/wp-json\/wp\/v2\/comments?post=21"}],"version-history":[{"count":0,"href":"https:\/\/eduardokasse.com.br\/vikings\/wp-json\/wp\/v2\/pages\/21\/revisions"}],"wp:attachment":[{"href":"https:\/\/eduardokasse.com.br\/vikings\/wp-json\/wp\/v2\/media?parent=21"}],"curies":[{"name":"wp","href":"https:\/\/api.w.org\/{rel}","templated":true}]}}