{"id":22,"date":"2018-01-05T18:06:18","date_gmt":"2018-01-05T20:06:18","guid":{"rendered":"https:\/\/eduardokasse.com.br\/vikings\/?page_id=22"},"modified":"2019-06-17T11:28:51","modified_gmt":"2019-06-17T14:28:51","slug":"sobre","status":"publish","type":"page","link":"https:\/\/eduardokasse.com.br\/vikings\/sobre\/","title":{"rendered":"Uma jornada junto aos n\u00f3rdicos"},"content":{"rendered":"<h2><span style=\"color: #800000;\">Saga Vikings: viva com honra, lute com bravura e morra empunhando a sua arma!<\/span><\/h2>\n<p>Em 2018 iniciei um novo projeto, uma nova saga. Depois de seis anos escrevendo sobre os imortais na S\u00e9rie Tempos de Sangue \u2013 <a href=\"http:\/\/temposdesangue.com.br\">temposdesangue.com.br<\/a> \u2013 dei uma pausa na vida desses dem\u00f4nios para contar as hist\u00f3rias de outros dem\u00f4nios: os n\u00f3rdicos (que depois viriam ser conhecidos pela alcunha de vikings).<\/p>\n<p><b>Sim, eles eram dem\u00f4nios!<\/b><\/p>\n<p>Assim foram chamados principalmente pelos padres e monges que sobreviveram aos saques e invas\u00f5es, afinal, quem mais afrontaria a sagrada Igreja sen\u00e3o os enviados do Diabo? Quem mais mataria sem qualquer temor ou remorso os representantes de Deus na Terra?<\/p>\n<blockquote>\n<p><i>Quando surge no mar os agourentos navios com feras entalhadas na proa, n\u00e3o adianta se prostrar de joelhos e rezar. \u00c9 melhor fugir, correr at\u00e9 os p\u00e9s sangrarem.<\/i><\/p>\n<\/blockquote>\n<p>Mas os vikings n\u00e3o eram apenas ex\u00edmios guerreiros cujas paredes de escudos aterrorizaram os sax\u00f5es e outros povos das Ilhas Brit\u00e2nicas e de toda a Europa. Eram competentes artes\u00e3os, ferreiros e comerciantes. E, acima de tudo, eram intr\u00e9pidos navegadores e exploradores.<\/p>\n<p>Resolvi homenagear a bravura desses homens e mulheres \u2013 sim, as mulheres tinham <b>muita relev\u00e2ncia e import\u00e2ncia<\/b> nas sociedades n\u00f3rdicas, ao contr\u00e1rio do que acontecia nos demais povos da Europa crist\u00e3 \u2013 e contar essas jornadas.<\/p>\n<p>Primeiro no livro <i>Vikings: Berserker<\/i>, uma fantasia hist\u00f3rica repleta de mitologia, guerras e viagens e agora em <i>Vikings: Noite em Valhala<\/i>, um quadrinho que narra de forma crua uma batalha em algum lugar do territ\u00f3rio que viria se tornar a Esc\u00f3cia.<\/p>\n<p>Ent\u00e3o, vista a sua armadura, empunhe a sua espada e segure firme o seu escudo. Pela honra, pela gl\u00f3ria, pelos Deuses!<\/p>\n<p>Quer saber mais sobre mim? Acesse: <a href=\"https:\/\/eduardokasse.com.br\/\" target=\"_blank\" rel=\"noopener noreferrer\">eduardokasse.com.br<\/a><\/p>\n\n\n<div class=\"wp-block-image\"><figure class=\"aligncenter is-resized\"><img decoding=\"async\" loading=\"lazy\" src=\"https:\/\/eduardokasse.com.br\/vikings\/wp-content\/uploads\/2019\/01\/20181011_153650-1024x965.jpg\" alt=\"\" class=\"wp-image-210\" width=\"474\" height=\"446\"\/><figcaption>Gostou? Voc\u00ea pode comprar os Vikings na minha loja virtual. <a href=\"https:\/\/loja.eduardokasse.com.br\/\"><strong>Clique aqui<\/strong><\/a><\/figcaption><\/figure><\/div>\n","protected":false},"excerpt":{"rendered":"<p>Saga Vikings: viva com honra, lute com bravura e morra empunhando a sua arma! Em 2018 iniciei um novo projeto, uma nova saga. Depois de seis anos escrevendo sobre os imortais na S\u00e9rie Tempos de Sangue \u2013 temposdesangue.com.br \u2013 dei uma pausa na vida desses dem\u00f4nios para contar as hist\u00f3rias de outros dem\u00f4nios: os n\u00f3rdicos&hellip; <br \/> <a class=\"button small blue\" href=\"https:\/\/eduardokasse.com.br\/vikings\/sobre\/\">Leia mais<\/a><\/p>\n","protected":false},"author":1,"featured_media":112,"parent":0,"menu_order":0,"comment_status":"closed","ping_status":"closed","template":"","meta":[],"_links":{"self":[{"href":"https:\/\/eduardokasse.com.br\/vikings\/wp-json\/wp\/v2\/pages\/22"}],"collection":[{"href":"https:\/\/eduardokasse.com.br\/vikings\/wp-json\/wp\/v2\/pages"}],"about":[{"href":"https:\/\/eduardokasse.com.br\/vikings\/wp-json\/wp\/v2\/types\/page"}],"author":[{"embeddable":true,"href":"https:\/\/eduardokasse.com.br\/vikings\/wp-json\/wp\/v2\/users\/1"}],"replies":[{"embeddable":true,"href":"https:\/\/eduardokasse.com.br\/vikings\/wp-json\/wp\/v2\/comments?post=22"}],"version-history":[{"count":0,"href":"https:\/\/eduardokasse.com.br\/vikings\/wp-json\/wp\/v2\/pages\/22\/revisions"}],"wp:featuredmedia":[{"embeddable":true,"href":"https:\/\/eduardokasse.com.br\/vikings\/wp-json\/wp\/v2\/media\/112"}],"wp:attachment":[{"href":"https:\/\/eduardokasse.com.br\/vikings\/wp-json\/wp\/v2\/media?parent=22"}],"curies":[{"name":"wp","href":"https:\/\/api.w.org\/{rel}","templated":true}]}}