{"id":356,"date":"2019-09-19T09:53:29","date_gmt":"2019-09-19T12:53:29","guid":{"rendered":"https:\/\/eduardokasse.com.br\/vikings\/?page_id=356"},"modified":"2020-11-23T12:00:00","modified_gmt":"2020-11-23T15:00:00","slug":"vikings-morte-ao-troll","status":"publish","type":"page","link":"https:\/\/eduardokasse.com.br\/vikings\/vikings-morte-ao-troll\/","title":{"rendered":"Vikings: Morte ao troll em quadrinhos"},"content":{"rendered":"<h2 style=\"text-align: center;\"><span style=\"color: #800000;\"><b>Os Deuses amam a coragem. E n\u00f3s podemos ter os nossos nomes cantados pelos skalds. Vamos, homens. Esta noite mataremos o troll!<\/b><\/span><\/h2>\n<p><img decoding=\"async\" loading=\"lazy\" class=\"alignright wp-image-345\" src=\"https:\/\/eduardokasse.com.br\/vikings\/wp-content\/uploads\/2019\/09\/vikings-morte-ao-troll-hq.jpg\" alt=\"\" width=\"400\" height=\"565\" srcset=\"https:\/\/eduardokasse.com.br\/vikings\/wp-content\/uploads\/2019\/09\/vikings-morte-ao-troll-hq.jpg 708w, https:\/\/eduardokasse.com.br\/vikings\/wp-content\/uploads\/2019\/09\/vikings-morte-ao-troll-hq-212x300.jpg 212w\" sizes=\"(max-width: 400px) 100vw, 400px\" \/><\/p>\n<p>As lendas que s\u00e3o contadas atrav\u00e9s de gera\u00e7\u00f5es nascem assim: de momentos em que superamos o medo e o pavor. Os her\u00f3is s\u00e3o feitos de carne e osso, mas a sua vontade \u00e9 t\u00e3o forte quanto o a\u00e7o das suas espadas e machados.<\/p>\n<p>Em <b>Vikings: Morte ao troll<\/b>, Eduardo Kasse e Carlos Sekko re\u00fanem for\u00e7as nessa parede de escudos para contar mais uma hist\u00f3ria de Hr\u00f3aldr, Boors e de muitos bravos n\u00f3rdicos que ousaram perseguir um temido monstro que assombra as hist\u00f3rias \u00e0 beira da fogueira.<\/p>\n<p>E voc\u00ea vai fazer parte dessa jornada!<\/p>\n<p>\u00c0s armas, agora!<\/p>\n<p>Por Odin! E pela honra de cear no Valhala!<\/p>\n<h3 style=\"text-align: center;\"><strong><a href=\"https:\/\/loja.eduardokasse.com.br\/produto\/vikings-morte-ao-troll-eduardo-kasse-e-carlos-sekko\/\" target=\"_blank\" rel=\"noopener noreferrer\"><span style=\"color: #800000;\">+++ Compre na nossa loja virtual +++<\/span><\/a><\/strong><\/h3>\n","protected":false},"excerpt":{"rendered":"<p>Os Deuses amam a coragem. E n\u00f3s podemos ter os nossos nomes cantados pelos skalds. Vamos, homens. Esta noite mataremos o troll! As lendas que s\u00e3o contadas atrav\u00e9s de gera\u00e7\u00f5es nascem assim: de momentos em que superamos o medo e o pavor. Os her\u00f3is s\u00e3o feitos de carne e osso, mas a sua vontade \u00e9&hellip; <br \/> <a class=\"button small blue\" href=\"https:\/\/eduardokasse.com.br\/vikings\/vikings-morte-ao-troll\/\">Leia mais<\/a><\/p>\n","protected":false},"author":1,"featured_media":357,"parent":0,"menu_order":0,"comment_status":"closed","ping_status":"closed","template":"","meta":[],"_links":{"self":[{"href":"https:\/\/eduardokasse.com.br\/vikings\/wp-json\/wp\/v2\/pages\/356"}],"collection":[{"href":"https:\/\/eduardokasse.com.br\/vikings\/wp-json\/wp\/v2\/pages"}],"about":[{"href":"https:\/\/eduardokasse.com.br\/vikings\/wp-json\/wp\/v2\/types\/page"}],"author":[{"embeddable":true,"href":"https:\/\/eduardokasse.com.br\/vikings\/wp-json\/wp\/v2\/users\/1"}],"replies":[{"embeddable":true,"href":"https:\/\/eduardokasse.com.br\/vikings\/wp-json\/wp\/v2\/comments?post=356"}],"version-history":[{"count":0,"href":"https:\/\/eduardokasse.com.br\/vikings\/wp-json\/wp\/v2\/pages\/356\/revisions"}],"wp:featuredmedia":[{"embeddable":true,"href":"https:\/\/eduardokasse.com.br\/vikings\/wp-json\/wp\/v2\/media\/357"}],"wp:attachment":[{"href":"https:\/\/eduardokasse.com.br\/vikings\/wp-json\/wp\/v2\/media?parent=356"}],"curies":[{"name":"wp","href":"https:\/\/api.w.org\/{rel}","templated":true}]}}