{"id":401,"date":"2020-11-23T11:45:34","date_gmt":"2020-11-23T14:45:34","guid":{"rendered":"https:\/\/eduardokasse.com.br\/vikings\/?page_id=401"},"modified":"2020-11-23T11:57:36","modified_gmt":"2020-11-23T14:57:36","slug":"vikings-nidhogg-2","status":"publish","type":"page","link":"https:\/\/eduardokasse.com.br\/vikings\/vikings-nidhogg-2\/","title":{"rendered":"Vikings: Nidhogg"},"content":{"rendered":"<h2 style=\"text-align: center;\"><strong>Em uma Europa crist\u00e3, uma rica cultura agoniza rumo ao esquecimento.<\/strong><\/h2>\n<p><img decoding=\"async\" loading=\"lazy\" class=\"alignright wp-image-399\" src=\"https:\/\/eduardokasse.com.br\/vikings\/wp-content\/uploads\/2020\/11\/vikings-nidhogg-203x300.jpg\" alt=\"\" width=\"270\" height=\"400\" srcset=\"https:\/\/eduardokasse.com.br\/vikings\/wp-content\/uploads\/2020\/11\/vikings-nidhogg-203x300.jpg 203w, https:\/\/eduardokasse.com.br\/vikings\/wp-content\/uploads\/2020\/11\/vikings-nidhogg-692x1024.jpg 692w, https:\/\/eduardokasse.com.br\/vikings\/wp-content\/uploads\/2020\/11\/vikings-nidhogg-768x1136.jpg 768w, https:\/\/eduardokasse.com.br\/vikings\/wp-content\/uploads\/2020\/11\/vikings-nidhogg-730x1080.jpg 730w, https:\/\/eduardokasse.com.br\/vikings\/wp-content\/uploads\/2020\/11\/vikings-nidhogg.jpg 1000w\" sizes=\"(max-width: 270px) 100vw, 270px\" \/><\/p>\n<p>Por volta do ano 1000 d.C., a Era Viking vive o seu crep\u00fasculo. O cristianismo tornou-se a religi\u00e3o mais poderosa da Europa e os povos pag\u00e3os est\u00e3o desaparecendo. Seja porque est\u00e3o sendo convertidos ou assassinados!<\/p>\n<p>Apesar de a velhice j\u00e1 pesar em seus ombros, a poderosa e respeitada Siv ainda \u00e9 uma l\u00edder forte e governa as suas terras com muita dedica\u00e7\u00e3o. Mesmo assim, tem provado mais o sabor da derrota do que da vit\u00f3ria, al\u00e9m de ser odiada pelo rei que anseia pela sua morte. Dela, de outros Jarls que bradam por Odin e dos seus velhos capit\u00e3es. Parece at\u00e9 que os Deuses abandonaram seus filhos.<\/p>\n<p>Mas essa n\u00e3o \u00e9 uma hist\u00f3ria de anci\u00e3os. Asgeir, neto de Siv, est\u00e1 no esplendor da juventude, e junto com outros jovens guerreiros que almejam o reconhecimento e os atos heroicos, busca as gl\u00f3rias do passado cantadas pelos <em>skalds<\/em>. E s\u00f3 h\u00e1 um desejo em seus cora\u00e7\u00f5es: fazer os Deuses voltarem a olhar para Midgard!<\/p>\n<p>Essa \u00e9 a trama central do romance <em>Vikings \u2013 Nidhogg<\/em>, de Eduardo Kasse! O livro conclu\u00ed a jornada iniciada na fantasia hist\u00f3rica \u201cVikings \u2013 Berserker\u201d e expandida nos quadrinhos \u201cVikings \u2013 Noite em Valhala\u201d e \u201cVikings \u2013 Morte ao Troll\u201d.<\/p>\n<h3 style=\"text-align: center;\"><strong><a href=\"https:\/\/loja.eduardokasse.com.br\/produto\/vikings-nidhogg-saga-vikings-livro-2\/\"><span style=\"color: #800000;\">+++ Compre autografado e ganhe marcadores de p\u00e1gina exclusivos +++<\/span><\/a><\/strong><\/h3>\n\n\n<p><\/p>\n","protected":false},"excerpt":{"rendered":"<p>Em uma Europa crist\u00e3, uma rica cultura agoniza rumo ao esquecimento. Por volta do ano 1000 d.C., a Era Viking vive o seu crep\u00fasculo. O cristianismo tornou-se a religi\u00e3o mais poderosa da Europa e os povos pag\u00e3os est\u00e3o desaparecendo. Seja porque est\u00e3o sendo convertidos ou assassinados! Apesar de a velhice j\u00e1 pesar em seus ombros,&hellip; <br \/> <a class=\"button small blue\" href=\"https:\/\/eduardokasse.com.br\/vikings\/vikings-nidhogg-2\/\">Leia mais<\/a><\/p>\n","protected":false},"author":1,"featured_media":0,"parent":0,"menu_order":0,"comment_status":"closed","ping_status":"closed","template":"","meta":[],"_links":{"self":[{"href":"https:\/\/eduardokasse.com.br\/vikings\/wp-json\/wp\/v2\/pages\/401"}],"collection":[{"href":"https:\/\/eduardokasse.com.br\/vikings\/wp-json\/wp\/v2\/pages"}],"about":[{"href":"https:\/\/eduardokasse.com.br\/vikings\/wp-json\/wp\/v2\/types\/page"}],"author":[{"embeddable":true,"href":"https:\/\/eduardokasse.com.br\/vikings\/wp-json\/wp\/v2\/users\/1"}],"replies":[{"embeddable":true,"href":"https:\/\/eduardokasse.com.br\/vikings\/wp-json\/wp\/v2\/comments?post=401"}],"version-history":[{"count":0,"href":"https:\/\/eduardokasse.com.br\/vikings\/wp-json\/wp\/v2\/pages\/401\/revisions"}],"wp:attachment":[{"href":"https:\/\/eduardokasse.com.br\/vikings\/wp-json\/wp\/v2\/media?parent=401"}],"curies":[{"name":"wp","href":"https:\/\/api.w.org\/{rel}","templated":true}]}}